{"id":30,"date":"2015-09-30T09:58:18","date_gmt":"2015-09-30T09:58:18","guid":{"rendered":"http:\/\/bernardpokrajcic.from.hr\/?page_id=30"},"modified":"2015-10-06T09:41:28","modified_gmt":"2015-10-06T07:41:28","slug":"zastupnistva","status":"publish","type":"page","link":"https:\/\/mabi.ba\/?page_id=30","title":{"rendered":"ZASTUPNI\u0160TVA"},"content":{"rendered":"<h2><strong>Zastupamo i nudimo proizvode sljede\u0107ih tvrtki:<\/strong><\/h2>\n<h6>(klikom na logo tvrtke biti \u0107ete preusmjereni na njihove slu\u017ebene stranice)<\/h6>\n<h6><\/h6>\n<table style=\"height: 269px;\" width=\"829\">\n<tbody>\n<tr>\n<td><\/td>\n<td><\/td>\n<\/tr>\n<tr>\n<td><a href=\"https:\/\/sip.si\" target=\"_blank\"><img loading=\"lazy\" decoding=\"async\" class=\"aligncenter wp-image-185 size-full\" src=\"https:\/\/mabi.ba\/wp-content\/uploads\/2015\/09\/sip.jpg\" alt=\"\" width=\"275\" height=\"95\" \/><\/a><\/td>\n<td>\u00a0<a href=\"https:\/\/www.gramip.hr\/\" target=\"_blank\"><img loading=\"lazy\" decoding=\"async\" class=\"aligncenter wp-image-180 size-full\" src=\"https:\/\/mabi.ba\/wp-content\/uploads\/2015\/09\/gramip.png\" alt=\"\" width=\"157\" height=\"114\" \/><\/a><\/td>\n<\/tr>\n<tr>\n<td>\n<h3 style=\"text-align: center;\"><strong>SIP STROJNA INDUSTRIJA d.d.<\/strong><\/h3>\n<p style=\"text-align: center;\">\u0160empeter, Slovenija<\/p>\n<\/td>\n<td>\n<h3 style=\"text-align: center;\"><strong>GRAMIP &#8211; TPS d.o.o.<\/strong><\/h3>\n<p style=\"text-align: center;\">Dubrava, Hrvatska<\/p>\n<\/td>\n<\/tr>\n<tr>\n<td><\/td>\n<td><\/td>\n<\/tr>\n<tr>\n<td>\u00a0<a href=\"https:\/\/www.inobrezice.com\/hrv\/\" target=\"_blank\"><img loading=\"lazy\" decoding=\"async\" class=\"aligncenter wp-image-183 size-full\" src=\"https:\/\/mabi.ba\/wp-content\/uploads\/2015\/09\/ino.jpg\" alt=\"\" width=\"168\" height=\"85\" \/><\/a><\/td>\n<td>\u00a0<a href=\"https:\/\/fuzinar.si\/\" target=\"_blank\"><img loading=\"lazy\" decoding=\"async\" class=\"aligncenter wp-image-179 size-full\" src=\"https:\/\/mabi.ba\/wp-content\/uploads\/2015\/09\/fuzinar.png\" alt=\"\" width=\"320\" height=\"81\" srcset=\"https:\/\/mabi.ba\/wp-content\/uploads\/2015\/09\/fuzinar.png 320w, https:\/\/mabi.ba\/wp-content\/uploads\/2015\/09\/fuzinar-300x76.png 300w\" sizes=\"auto, (max-width: 320px) 100vw, 320px\" \/><\/a><\/td>\n<\/tr>\n<tr>\n<td style=\"text-align: center;\">\n<h3><strong>\u00a0INO BRE\u017dICE d.o.o.<\/strong><\/h3>\n<p style=\"text-align: center;\">Bre\u017eice, Slovenija<\/p>\n<\/td>\n<td style=\"text-align: center;\">\n<h3><strong>\u00a0FU\u017dINAR d.o.o.<\/strong><\/h3>\n<p style=\"text-align: center;\">Batuje, Slovenija<\/p>\n<\/td>\n<\/tr>\n<tr>\n<td><\/td>\n<td><\/td>\n<\/tr>\n<tr>\n<td>\u00a0<a href=\"https:\/\/www.kardanskegredi.com\/\" target=\"_blank\"><img loading=\"lazy\" decoding=\"async\" class=\"aligncenter wp-image-177 size-full\" src=\"https:\/\/mabi.ba\/wp-content\/uploads\/2015\/09\/cerjak.jpg\" alt=\"\" width=\"271\" height=\"66\" \/><\/a><\/td>\n<td>\u00a0<img loading=\"lazy\" decoding=\"async\" class=\"aligncenter size-full wp-image-184\" src=\"https:\/\/mabi.ba\/wp-content\/uploads\/2015\/09\/mio.jpg\" alt=\"\" width=\"174\" height=\"87\" \/><\/td>\n<\/tr>\n<tr>\n<td>\n<h3 style=\"text-align: center;\">\u00a0<strong>KARDANSKE GREDI CERJAK d.o.o.<\/strong><\/h3>\n<p style=\"text-align: center;\">Leskovec, Slovenija<\/p>\n<\/td>\n<td style=\"text-align: center;\">\n<h3><strong>\u00a0MIO &#8211; METALSKA INDUSTRIJA d.d.<\/strong><\/h3>\n<p>Osijek, Hrvatska<\/td>\n<\/tr>\n<tr>\n<td><\/td>\n<td><\/td>\n<\/tr>\n<tr>\n<td><a href=\"https:\/\/www.creina.com\/index.php\/hr\/?id=0\" target=\"_blank\"><img loading=\"lazy\" decoding=\"async\" class=\"aligncenter wp-image-178 size-full\" src=\"https:\/\/mabi.ba\/wp-content\/uploads\/2015\/09\/creina.jpg\" alt=\"\" width=\"160\" height=\"77\" \/><\/a><\/td>\n<td><a href=\"https:\/\/struc-holding.com\/muta\/\" target=\"_blank\"><img loading=\"lazy\" decoding=\"async\" class=\"aligncenter wp-image-186 size-full\" src=\"https:\/\/mabi.ba\/wp-content\/uploads\/2015\/09\/struc.png\" alt=\"\" width=\"287\" height=\"96\" \/><\/a><\/td>\n<\/tr>\n<tr>\n<td style=\"text-align: center;\">\n<h3><strong>\u00a0CREINA d.d.<\/strong><\/h3>\n<p>Kranj, Slovenija<\/td>\n<td style=\"text-align: center;\">\n<h3><strong>STRUC MUTA d.o.o.<\/strong><\/h3>\n<p>Muta, Slovenija<\/td>\n<\/tr>\n<tr>\n<td><\/td>\n<td><\/td>\n<\/tr>\n<tr>\n<td><a href=\"https:\/\/www.imt.co.rs\/\" target=\"_blank\"><img loading=\"lazy\" decoding=\"async\" class=\"aligncenter wp-image-181 size-full\" src=\"https:\/\/mabi.ba\/wp-content\/uploads\/2015\/09\/imt.png\" alt=\"\" width=\"137\" height=\"145\" \/><\/a><\/td>\n<td><a href=\"https:\/\/www.zetor.com\/\" target=\"_blank\"><img loading=\"lazy\" decoding=\"async\" class=\"aligncenter wp-image-188 size-full\" src=\"https:\/\/mabi.ba\/wp-content\/uploads\/2015\/09\/zetor.png\" alt=\"\" width=\"290\" height=\"98\" \/><\/a><\/td>\n<\/tr>\n<tr>\n<td style=\"text-align: center;\">\n<h3>\u00a0<strong>INDUSTRIJA MA\u0160INA I TRAKTORA a.d.<\/strong><\/h3>\n<p style=\"text-align: center;\">Beograd, Srbija<\/p>\n<\/td>\n<td style=\"text-align: center;\">\n<h3>\u00a0<strong>ZETOR TRACTORS a.s.<\/strong><\/h3>\n<p>Brno, \u010ce\u0161ka Republika<\/td>\n<\/tr>\n<tr>\n<td><\/td>\n<td><\/td>\n<\/tr>\n<tr>\n<td><a href=\"https:\/\/www.ina-maziva.hr\/\" target=\"_blank\"><img loading=\"lazy\" decoding=\"async\" class=\"aligncenter wp-image-182 size-full\" src=\"https:\/\/mabi.ba\/wp-content\/uploads\/2015\/09\/ina.png\" alt=\"\" width=\"205\" height=\"78\" \/><\/a><\/td>\n<td><a href=\"https:\/\/www.hr.varta-automotive.com\/hr-hr\/products\/automotive\/\" target=\"_blank\"><img loading=\"lazy\" decoding=\"async\" class=\"aligncenter wp-image-187 size-full\" src=\"https:\/\/mabi.ba\/wp-content\/uploads\/2015\/09\/varta.png\" alt=\"\" width=\"326\" height=\"68\" srcset=\"https:\/\/mabi.ba\/wp-content\/uploads\/2015\/09\/varta.png 326w, https:\/\/mabi.ba\/wp-content\/uploads\/2015\/09\/varta-300x63.png 300w\" sizes=\"auto, (max-width: 326px) 100vw, 326px\" \/><\/a><\/td>\n<\/tr>\n<tr>\n<td>\n<h3 style=\"text-align: center;\"><strong>INA d.d.<\/strong><\/h3>\n<p style=\"text-align: center;\">Zagreb, Hrvatska<\/p>\n<\/td>\n<td>\n<h3 style=\"text-align: center;\"><strong>VARTA<\/strong><\/h3>\n<p style=\"text-align: center;\">Akumulatori<\/p>\n<\/td>\n<\/tr>\n<\/tbody>\n<\/table>\n<p>&nbsp;<\/p>\n","protected":false},"excerpt":{"rendered":"<p>Zastupamo i nudimo proizvode sljede\u0107ih tvrtki: (klikom na logo tvrtke biti \u0107ete preusmjereni na njihove slu\u017ebene stranice) \u00a0 SIP STROJNA INDUSTRIJA d.d. \u0160empeter, Slovenija GRAMIP &#8211; TPS d.o.o. Dubrava, Hrvatska \u00a0 \u00a0 \u00a0INO BRE\u017dICE d.o.o. Bre\u017eice, Slovenija \u00a0FU\u017dINAR d.o.o. Batuje, Slovenija \u00a0 \u00a0 \u00a0KARDANSKE GREDI CERJAK d.o.o. Leskovec, Slovenija \u00a0MIO &#8211; METALSKA INDUSTRIJA d.d. Osijek, [&hellip;]<\/p>\n","protected":false},"author":1,"featured_media":0,"parent":0,"menu_order":0,"comment_status":"closed","ping_status":"closed","template":"","meta":{"footnotes":""},"class_list":["post-30","page","type-page","status-publish","hentry"],"_links":{"self":[{"href":"https:\/\/mabi.ba\/index.php?rest_route=\/wp\/v2\/pages\/30","targetHints":{"allow":["GET"]}}],"collection":[{"href":"https:\/\/mabi.ba\/index.php?rest_route=\/wp\/v2\/pages"}],"about":[{"href":"https:\/\/mabi.ba\/index.php?rest_route=\/wp\/v2\/types\/page"}],"author":[{"embeddable":true,"href":"https:\/\/mabi.ba\/index.php?rest_route=\/wp\/v2\/users\/1"}],"replies":[{"embeddable":true,"href":"https:\/\/mabi.ba\/index.php?rest_route=%2Fwp%2Fv2%2Fcomments&post=30"}],"version-history":[{"count":24,"href":"https:\/\/mabi.ba\/index.php?rest_route=\/wp\/v2\/pages\/30\/revisions"}],"predecessor-version":[{"id":213,"href":"https:\/\/mabi.ba\/index.php?rest_route=\/wp\/v2\/pages\/30\/revisions\/213"}],"wp:attachment":[{"href":"https:\/\/mabi.ba\/index.php?rest_route=%2Fwp%2Fv2%2Fmedia&parent=30"}],"curies":[{"name":"wp","href":"https:\/\/api.w.org\/{rel}","templated":true}]}}